{"id":110,"date":"2020-06-09T15:35:31","date_gmt":"2020-06-09T13:35:31","guid":{"rendered":"http:\/\/www.romatradingservice.com\/business\/?page_id=110"},"modified":"2020-06-10T14:15:00","modified_gmt":"2020-06-10T12:15:00","slug":"home","status":"publish","type":"page","link":"http:\/\/www.romatradingservice.com\/business\/","title":{"rendered":"HOME"},"content":{"rendered":"\n<p><\/p>\n\n\n\n<div id=\"wp-block-themeisle-blocks-slider-0dd8308c\" class=\"wp-block-themeisle-blocks-slider glide\" data-per-view=\"1\" data-gap=\"0\" data-peek=\"0\" data-autoplay=\"true\" data-height=\"450px\" data-hide-arrows=\"false\"><div class=\"glide__track\" data-glide-el=\"track\"><div class=\"glide__slides\"><div class=\"wp-block-themeisle-blocks-slider-item-wrapper glide__slide\" tabindex=\"0\"><figure><img decoding=\"async\" class=\"wp-block-themeisle-blocks-slider-item\" src=\"http:\/\/www.romatradingservice.com\/business\/wp-content\/uploads\/2020\/06\/MECCANICA.jpg\" alt=\"\" title=\"\" data-id=\"122\"\/><\/figure><\/div><div class=\"wp-block-themeisle-blocks-slider-item-wrapper glide__slide\" tabindex=\"0\"><figure><img decoding=\"async\" class=\"wp-block-themeisle-blocks-slider-item\" src=\"http:\/\/www.romatradingservice.com\/business\/wp-content\/uploads\/2020\/06\/Schermata-2020-06-10-alle-14.11.37.png\" alt=\"\" title=\"\" data-id=\"248\"\/><\/figure><\/div><div class=\"wp-block-themeisle-blocks-slider-item-wrapper glide__slide\" tabindex=\"0\"><figure><img decoding=\"async\" class=\"wp-block-themeisle-blocks-slider-item\" src=\"http:\/\/www.romatradingservice.com\/business\/wp-content\/uploads\/2020\/06\/SLIDE11.jpg\" alt=\"\" title=\"\" data-id=\"121\"\/><\/figure><\/div><div class=\"wp-block-themeisle-blocks-slider-item-wrapper glide__slide\" tabindex=\"0\"><figure><img decoding=\"async\" class=\"wp-block-themeisle-blocks-slider-item\" src=\"http:\/\/www.romatradingservice.com\/business\/wp-content\/uploads\/2020\/06\/REFRIGERAZIONE.jpg\" alt=\"\" title=\"\" data-id=\"120\"\/><\/figure><\/div><\/div><div class=\"glide__bullets\" data-glide-el=\"controls[nav]\"><button class=\"glide__bullet\" data-glide-dir=\"=0\"><\/button><button class=\"glide__bullet\" data-glide-dir=\"=1\"><\/button><button class=\"glide__bullet\" data-glide-dir=\"=2\"><\/button><button class=\"glide__bullet\" data-glide-dir=\"=3\"><\/button><\/div><\/div><\/div>\n\n\n\n<p style=\"font-size:16px\"><span style=\"color:#159301\" class=\"has-inline-color\">Roma Trading Service&nbsp;<\/span><span style=\"color:#000000\" class=\"has-inline-color\">\u00e8 una realt\u00e0 &nbsp;giovane e dinamica, frutto di una consolidata esperienza nel campo dei sistemi industriali e commerciali nel mondo.<\/span><br><span style=\"color:#000000\" class=\"has-inline-color\">Oggi i mercati sono sempre pi\u00f9 esigenti di qualit\u00e0 e la capacit\u00e0 di gestire i rapporti commerciali e sono disposti a riconoscere un premium price per le aziende in grado di soddisfarla.<br>Partendo da queste premesse, abbiamo fatto i nostri tre pilastri che rendono solida la reputazione della nostra azienda nel mondo: <\/span><span style=\"color:#159301\" class=\"has-inline-color\">innovazione, affidabilit\u00e0, know-how.<\/span><br><span style=\"color:#000000\" class=\"has-inline-color\">Grazie al suo background tecnico e finanziario,<\/span> <span style=\"color:#159301\" class=\"has-inline-color\">Roma Trading Service<\/span> <span style=\"color:#000000\" class=\"has-inline-color\">\u00e8 in grado di gestire le esigenze di industrie, aziende e privati in tutte le fasi dei contratti, assicurando che gli investimenti sono effettuati in materia di qualit\u00e0, tempo e prezzo e nel rispetto della legge.<br>L\u2019azienda \u00e8 in grado di fornire un servizio di logistica integrata che copre tutte le operazioni necessarie alle attivit\u00e0 di \u201clogistica della supply chain\u201d del nostro cliente\/partner.<\/span><br><span style=\"color:#159301\" class=\"has-inline-color\">Roma Trading Service<\/span><span style=\"color:#000000\" class=\"has-inline-color\"> copre tutte le aree dello sviluppo tecnologico ed \u00e8 rivenditore per importanti marchi italiani ed esteri di macchine per il condizionamento e la refrigerazione.<\/span><\/p>\n\n\n\n<h2 class=\"has-text-align-center wp-block-heading\"><span style=\"color:#159301\" class=\"has-inline-color\">Mission<\/span><\/h2>\n\n\n\n<div class=\"wp-block-group\"><div class=\"wp-block-group__inner-container is-layout-flow wp-block-group-is-layout-flow\">\n<p style=\"font-size:16px\"><span style=\"color:#000000\" class=\"has-inline-color\">Offrire servizi integrati ad alto valore aggiunto rispondendo alle reali esigenze di competitivit\u00e0 e di sviluppo del business dei propri clienti\/partners in un&#8217;ottica di customer oriented, anticipandone le aspettative con innovazione tecnologica continua ed elevata qualit\u00e0.<\/span><\/p>\n<\/div><\/div>\n\n\n\n<h2 class=\"has-text-align-center wp-block-heading\"><span style=\"color:#159301\" class=\"has-inline-color\">Vision<\/span><span style=\"color:#000000\" class=\"has-inline-color\"> <\/span><\/h2>\n\n\n\n<p style=\"font-size:16px\"><span style=\"color:#000000\" class=\"has-inline-color\">Essere un&#8217;organizzazione con capacit\u00e0 di analisi tecnica strategica, di avanzata tecnologia e di spiccato carattere commerciale, con l&#8217;obiettivo di crescere per mantenersi leader nel settore dell&#8217;assistenza e vendita di condizionamento e refrigerazione a livello globale.<\/span><\/p>\n\n\n\n<div class=\"wp-block-group is-layout-flow wp-block-group-is-layout-flow\"><div class=\"wp-block-group__inner-container\"><\/div><\/div>\n\n\n\n<p><\/p>\n","protected":false},"excerpt":{"rendered":"<p>Roma Trading Service&nbsp;\u00e8 una realt\u00e0 &nbsp;giovane e dinamica, frutto di una consolidata esperienza nel campo dei sistemi industriali e commerciali nel mondo.Oggi i mercati sono sempre pi\u00f9 esigenti di qualit\u00e0 e la capacit\u00e0 di gestire i rapporti commerciali e sono disposti a riconoscere un premium price per le aziende in grado di soddisfarla.Partendo da queste premesse, abbiamo fatto i nostri tre pilastri che rendono solida la reputazione della nostra azienda nel mondo: innovazione, affidabilit\u00e0, know-how.Grazie al suo background tecnico e finanziario, Roma Trading Service \u00e8 in grado di gestire le esigenze di industrie, aziende e privati in tutte le fasi dei contratti, assicurando che gli investimenti sono effettuati in materia di qualit\u00e0, tempo e prezzo e nel rispetto della legge.L\u2019azienda \u00e8 in grado di fornire un servizio di logistica integrata che copre tutte le operazioni necessarie alle attivit\u00e0 di \u201clogistica della supply chain\u201d del nostro cliente\/partner.Roma Trading Service copre tutte&hellip;<\/p>\n<p> <a class=\"more-link\" href=\"http:\/\/www.romatradingservice.com\/business\/\">Leggi tutto<\/a><\/p>\n","protected":false},"author":1,"featured_media":0,"parent":0,"menu_order":0,"comment_status":"closed","ping_status":"closed","template":"","meta":{"_coblocks_attr":"","_coblocks_dimensions":"","_coblocks_responsive_height":"","_coblocks_accordion_ie_support":"","footnotes":""},"class_list":["post-110","page","type-page","status-publish"],"yoast_head":"<!-- This site is optimized with the Yoast SEO plugin v16.6.1 - https:\/\/yoast.com\/wordpress\/plugins\/seo\/ -->\n<title>HOME - Roma Trading Service<\/title>\n<meta name=\"robots\" content=\"index, follow, max-snippet:-1, max-image-preview:large, max-video-preview:-1\" \/>\n<link rel=\"canonical\" href=\"http:\/\/www.romatradingservice.com\/business\/\" \/>\n<meta property=\"og:locale\" content=\"it_IT\" \/>\n<meta property=\"og:type\" content=\"article\" \/>\n<meta property=\"og:title\" content=\"HOME - Roma Trading Service\" \/>\n<meta property=\"og:description\" content=\"Roma Trading Service&nbsp;\u00e8 una realt\u00e0 &nbsp;giovane e dinamica, frutto di una consolidata esperienza nel campo dei sistemi industriali e commerciali nel mondo.Oggi i mercati sono sempre pi\u00f9 esigenti di qualit\u00e0 e la capacit\u00e0 di gestire i rapporti commerciali e sono disposti a riconoscere un premium price per le aziende in grado di soddisfarla.Partendo da queste premesse, abbiamo fatto i nostri tre pilastri che rendono solida la reputazione della nostra azienda nel mondo: innovazione, affidabilit\u00e0, know-how.Grazie al suo background tecnico e finanziario, Roma Trading Service \u00e8 in grado di gestire le esigenze di industrie, aziende e privati in tutte le fasi dei contratti, assicurando che gli investimenti sono effettuati in materia di qualit\u00e0, tempo e prezzo e nel rispetto della legge.L\u2019azienda \u00e8 in grado di fornire un servizio di logistica integrata che copre tutte le operazioni necessarie alle attivit\u00e0 di \u201clogistica della supply chain\u201d del nostro cliente\/partner.Roma Trading Service copre tutte&hellip;  Leggi tutto\" \/>\n<meta property=\"og:url\" content=\"http:\/\/www.romatradingservice.com\/business\/\" \/>\n<meta property=\"og:site_name\" content=\"Roma Trading Service\" \/>\n<meta property=\"article:modified_time\" content=\"2020-06-10T12:15:00+00:00\" \/>\n<meta property=\"og:image\" content=\"http:\/\/www.romatradingservice.com\/business\/wp-content\/uploads\/2020\/06\/MECCANICA.jpg\" \/>\n<meta name=\"twitter:card\" content=\"summary_large_image\" \/>\n<meta name=\"twitter:label1\" content=\"Tempo di lettura stimato\" \/>\n\t<meta name=\"twitter:data1\" content=\"1 minuto\" \/>\n<script type=\"application\/ld+json\" class=\"yoast-schema-graph\">{\"@context\":\"https:\/\/schema.org\",\"@graph\":[{\"@type\":\"WebSite\",\"@id\":\"https:\/\/www.romatradingservice.com\/business\/#website\",\"url\":\"https:\/\/www.romatradingservice.com\/business\/\",\"name\":\"Roma Trading Service\",\"description\":\"\",\"potentialAction\":[{\"@type\":\"SearchAction\",\"target\":{\"@type\":\"EntryPoint\",\"urlTemplate\":\"https:\/\/www.romatradingservice.com\/business\/?s={search_term_string}\"},\"query-input\":\"required name=search_term_string\"}],\"inLanguage\":\"it-IT\"},{\"@type\":\"ImageObject\",\"@id\":\"http:\/\/www.romatradingservice.com\/business\/#primaryimage\",\"inLanguage\":\"it-IT\",\"url\":\"http:\/\/www.romatradingservice.com\/business\/wp-content\/uploads\/2020\/06\/MECCANICA.jpg\",\"contentUrl\":\"http:\/\/www.romatradingservice.com\/business\/wp-content\/uploads\/2020\/06\/MECCANICA.jpg\",\"width\":700,\"height\":243},{\"@type\":\"WebPage\",\"@id\":\"http:\/\/www.romatradingservice.com\/business\/#webpage\",\"url\":\"http:\/\/www.romatradingservice.com\/business\/\",\"name\":\"HOME - Roma Trading Service\",\"isPartOf\":{\"@id\":\"https:\/\/www.romatradingservice.com\/business\/#website\"},\"primaryImageOfPage\":{\"@id\":\"http:\/\/www.romatradingservice.com\/business\/#primaryimage\"},\"datePublished\":\"2020-06-09T13:35:31+00:00\",\"dateModified\":\"2020-06-10T12:15:00+00:00\",\"breadcrumb\":{\"@id\":\"http:\/\/www.romatradingservice.com\/business\/#breadcrumb\"},\"inLanguage\":\"it-IT\",\"potentialAction\":[{\"@type\":\"ReadAction\",\"target\":[\"http:\/\/www.romatradingservice.com\/business\/\"]}]},{\"@type\":\"BreadcrumbList\",\"@id\":\"http:\/\/www.romatradingservice.com\/business\/#breadcrumb\",\"itemListElement\":[{\"@type\":\"ListItem\",\"position\":1,\"name\":\"HOME\"}]}]}<\/script>\n<!-- \/ Yoast SEO plugin. -->","uagb_featured_image_src":{"full":false,"thumbnail":false,"medium":false,"medium_large":false,"large":false,"1536x1536":false,"2048x2048":false},"uagb_author_info":{"display_name":"admin","author_link":"http:\/\/www.romatradingservice.com\/business\/author\/admin\/"},"uagb_comment_info":0,"uagb_excerpt":"Roma Trading Service&nbsp;\u00e8 una realt\u00e0 &nbsp;giovane e dinamica, frutto di una consolidata esperienza nel campo dei sistemi industriali e commerciali nel mondo.Oggi i mercati sono sempre pi\u00f9 esigenti di qualit\u00e0 e la capacit\u00e0 di gestire i rapporti commerciali e sono disposti a riconoscere un premium price per le aziende in grado di soddisfarla.Partendo da queste&hellip;","_links":{"self":[{"href":"http:\/\/www.romatradingservice.com\/business\/wp-json\/wp\/v2\/pages\/110","targetHints":{"allow":["GET"]}}],"collection":[{"href":"http:\/\/www.romatradingservice.com\/business\/wp-json\/wp\/v2\/pages"}],"about":[{"href":"http:\/\/www.romatradingservice.com\/business\/wp-json\/wp\/v2\/types\/page"}],"author":[{"embeddable":true,"href":"http:\/\/www.romatradingservice.com\/business\/wp-json\/wp\/v2\/users\/1"}],"replies":[{"embeddable":true,"href":"http:\/\/www.romatradingservice.com\/business\/wp-json\/wp\/v2\/comments?post=110"}],"version-history":[{"count":22,"href":"http:\/\/www.romatradingservice.com\/business\/wp-json\/wp\/v2\/pages\/110\/revisions"}],"predecessor-version":[{"id":249,"href":"http:\/\/www.romatradingservice.com\/business\/wp-json\/wp\/v2\/pages\/110\/revisions\/249"}],"wp:attachment":[{"href":"http:\/\/www.romatradingservice.com\/business\/wp-json\/wp\/v2\/media?parent=110"}],"curies":[{"name":"wp","href":"https:\/\/api.w.org\/{rel}","templated":true}]}}